{"id":3776,"date":"2019-11-14T11:18:13","date_gmt":"2019-11-14T10:18:13","guid":{"rendered":"https:\/\/aza.ch\/?page_id=3776"},"modified":"2025-11-18T12:35:51","modified_gmt":"2025-11-18T11:35:51","slug":"protezione-dei-dati","status":"publish","type":"page","link":"https:\/\/aza.ch\/it\/protezione-dei-dati\/","title":{"rendered":"Informativa sulla privacy per aza.ch"},"content":{"rendered":"\n<p>Ultimo aggiornamento: 1\u00b0\u00a0settembre 2023<\/p>\n\n\n\n<p>Proteggiamo la vostra sfera privata e i vostri dati personali. Il trattamento dei dati personali dei nostri utenti si limita ai dati necessari per la messa a disposizione di un sito Internet funzionante e dei nostri contenuti e servizi. Raccogliamo, trattiamo e utilizziamo i vostri dati personali in conformit\u00e0 con il contenuto della presente informativa sulla privacy e alle normative vigenti in materia di protezione dei dati, in particolare la legge svizzera sulla protezione dei dati (LPD). Le presenti disposizioni sulla privacy disciplinano il tipo di dati raccolti, trattati e utilizzati che riguardano la vostra persona. Vi chiediamo pertanto di leggere attentamente le seguenti informazioni.<\/p>\n\n\n\n<h2 class=\"wp-block-heading\">1. Titolare del trattamento\u00a0<\/h2>\n\n\n\n<p>In qualit\u00e0 di gestore del sito web <em>www.aza.ch<\/em>, la Cassa di compensazione dei datori di lavoro zurighesi (di seguito \u00abnoi\u00bb) \u00e8 il titolare del trattamento dei dati personali degli utenti del sito (di seguito \u00abvoi\u00bb) ai sensi della LPD.<\/p>\n\n\n\n<p>Eventuali dubbi o domande sul trattamento dei dati personali possono essere rivolti ai seguenti contatti:&nbsp;<\/p>\n\n\n\n<p>Sig. Beat Zberg<br>Coordinatore protezione dei dati dell\u2019AZA<br>044 315 58 60 \/ <a href=\"mailto:bea065@aza.ch\">bea065@aza.ch<\/a><\/p>\n\n\n\n<p>Sig. Stefan Spicher<br>Direttore e responsabile HR dell\u2019AZA<br>044 315 58 10 | <a href=\"mailto:ste045@aza.ch\">ste045@aza.ch<\/a><\/p>\n\n\n\n<p>Sig. Jeremy-David Benjamin<br>Consulente dell\u2019AZA per la protezione dei dati<br><a href=\"mailto:jeremy@secure4u.ch\">jeremy@secure4u.ch<\/a>\u00a0<\/p>\n\n\n\n<h2 class=\"wp-block-heading\">Descrizione e portata del trattamento dei dati\u00a0<\/h2>\n\n\n\n<ul class=\"o-list--ul wp-block-list\">\n<li>Per dati personali ai sensi delle presenti disposizioni sulla privacy s\u2019intendono tutte le informazioni relative a una persona fisica identificata o identificabile (di seguito \u00abpersona interessata\u00bb). Si tratta in particolare del vostro nome, indirizzo e-mail, indirizzo, ecc.<\/li>\n<\/ul>\n\n\n\n<ul class=\"o-list--ul wp-block-list\">\n<li>I dati personali includono anche informazioni sull\u2019utilizzo del nostro sito web. In questo contesto, raccogliamo i dati personali di seguito elencati: informazioni sulle visite al nostro sito web, p.\u00a0es. il volume dei dati trasferiti, la posizione da cui accedete ai dati del nostro sito e altri dati di connessione e fonti a cui accedete. Ci\u00f2 avviene di solito attraverso l\u2019uso di file di registro e cookie. Maggiori informazioni sui file di registro e sui cookie sono riportate pi\u00f9 avanti.<\/li>\n\n\n\n<li>Se rileviamo il vostro indirizzo IP, esso sar\u00e0 memorizzato solo per la durata dell\u2019utilizzo del sito e poi immediatamente cancellato o reso anonimo tramite abbreviazione.<\/li>\n<\/ul>\n\n\n\n<h2 class=\"wp-block-heading\">2. Finalit\u00e0 del trattamento\u00a0<\/h2>\n\n\n\n<p>In generale non utilizziamo dati personali; l\u2019unica eccezione \u00e8 rappresentata dall\u2019inserimento di dati personali come indirizzi, coordinate di pagamento, ecc. nel modulo di contatto.<\/p>\n\n\n\n<h2 class=\"wp-block-heading\">3.\u00a0Principi del trattamento dei dati\u00a0<\/h2>\n\n\n\n<p>Nel trattamento dei dati, teniamo conto dei principi di liceit\u00e0, proporzionalit\u00e0, finalit\u00e0, trasparenza \u2013 in particolare l\u2019adempimento degli obblighi di informare \u2013 e sicurezza dei dati.\u00a0<\/p>\n\n\n\n<h2 class=\"wp-block-heading\">4. Informazioni sul vostro computer, cookie<\/h2>\n\n\n\n<ul class=\"o-list--ul wp-block-list\">\n<li>Ogni volta che accedete al nostro sito web, raccogliamo le seguenti informazioni sul vostro computer: l\u2019indirizzo IP del computer, l\u2019interrogazione del vostro browser, la posizione dell\u2019accesso e l\u2019ora della richiesta inviata. Inoltre, nell\u2019ambito della richiesta vengono registrati lo stato e la quantit\u00e0 di dati trasferiti. Raccogliamo inoltre informazioni sul prodotto e sulla versione del browser utilizzato e sul sistema operativo del computer. Registriamo anche il sito web dal quale \u00e8 stato effettuato l\u2019accesso al nostro sito. L\u2019indirizzo IP del vostro computer viene memorizzato solo per la durata dell\u2019utilizzo del sito e poi immediatamente cancellato o reso anonimo tramite abbreviazione. Utilizziamo questi dati per il funzionamento del nostro sito, in particolare per individuare ed eliminare gli errori del sito, per determinare l\u2019utilizzo del sito e per apportare modifiche o miglioramenti.<\/li>\n<\/ul>\n\n\n\n<ul class=\"o-list--ul wp-block-list\">\n<li>I cookie contribuiscono sotto molti aspetti a rendere la vostra visita al nostro sito pi\u00f9 facile, piacevole e significativa. I cookie sono file di informazioni che il browser memorizza automaticamente sul disco rigido del computer quando si visita il nostro sito.<\/li>\n<\/ul>\n\n\n\n<p>Per esempio, utilizziamo i cookie per salvare temporaneamente le prestazioni selezionate e i dati inseriti quando compilate un modulo sul sito web, in modo da evitarvi di ripetere l\u2019inserimento quando accedete a un\u2019altra sottopagina. I cookie possono eventualmente essere utilizzati per identificare l\u2019utente come utente registrato dopo la registrazione sul sito, senza che l\u2019utente debba effettuare nuovamente il login quando accede a un\u2019altra sottopagina.<\/p>\n\n\n\n<p>Se non desiderate utilizzare i cookie del browser, potete impostarlo in modo tale che non memorizzi i cookie. Vi preghiamo di notare che in questo caso potreste essere in grado di utilizzare il nostro sito solo in misura limitata o non riuscirvi affatto. Se volete accettare solo i nostri cookie, ma non quelli dei nostri servizi e partner, potete selezionare l\u2019impostazione \u00abBlocca cookie di terze parti\u00bb nel vostro browser.<\/p>\n\n\n\n<h2 class=\"wp-block-heading\">\u00a05. Sicurezza dei dati\u00a0<\/h2>\n\n\n\n<p>In genere trattiamo e memorizziamo i dati personali su server in Svizzera. Se necessario e consentito dalla legge, trasferiamo i vostri dati personali anche a destinatari al di fuori della Svizzera e dell\u2019Unione europea, in un paese che non garantisce un\u2019adeguata protezione dei dati. Se i dati personali vengono trasferiti in un paese che non dispone di un\u2019adeguata protezione dei dati, assicuriamo l\u2019adeguata protezione attraverso l\u2019uso di garanzie sufficienti, per esempio sulla base delle clausole contrattuali tipo dell\u2019UE e di linee guida interne vincolanti in materia di protezione dei dati.<\/p>\n\n\n\n<p>Eventuali domande su tali trasferimenti di dati e sulle garanzie applicate in casi specifici possono essere rivolte in qualsiasi momento alle persone di contatto indicate al punto\u00a01.<\/p>\n\n\n\n<p>Purtroppo, la trasmissione di informazioni via Internet non \u00e8 completamente sicura, per cui non possiamo garantire la sicurezza dei dati trasmessi al nostro sito web via Internet. Adottiamo tuttavia misure tecniche e organizzative per proteggere il nostro sito e altri sistemi contro la perdita, la distruzione, l\u2019accesso, la modifica o la diffusione dei vostri dati da parte di persone non autorizzate. In particolare, i vostri dati personali vengono da noi trasmessi in forma codificata. A tal fine utilizziamo il sistema di codifica SSL (Secure Socket Layer).<\/p>\n\n\n\n<h2 class=\"wp-block-heading\">6. Nessuna trasmissione dei vostri dati personali<\/h2>\n\n\n\n<p>Non trasmettiamo i vostri dati personali a terzi, a meno che non abbiate acconsentito alla trasmissione dei dati o non siamo autorizzati od obbligati a farlo sulla base di disposizioni di legge e\/o di ordini ufficiali o giudiziari. \u00c8 possibile che si tratti in particolare della fornitura di informazioni ai fini di un perseguimento penale, della protezione del sito o dell\u2019applicazione dei diritti di propriet\u00e0 intellettuale.<\/p>\n\n\n\n<h2 class=\"wp-block-heading\">7. Modifiche delle presenti disposizioni sulla privacy<\/h2>\n\n\n\n<p>Ci riserviamo il diritto di modificare le presenti disposizioni sulla privacy in qualsiasi momento, con effetto per il futuro. Una versione aggiornata \u00e8 disponibile sul sito web. Vi invitiamo a visitare regolarmente il sito e a informarvi sulle vigenti disposizioni sulla privacy.<\/p>\n\n\n\n<h2 class=\"wp-block-heading\">8. I vostri diritti<\/h2>\n\n\n\n<p>Avete il diritto di richiedere informazioni sui vostri dati personali da noi trattati. In particolare, potete richiedere informazioni sui dati personali in quanto tali, sulle finalit\u00e0 del trattamento, sulla durata della conservazione o, se non \u00e8 possibile, sui criteri per determinare tale durata, sull\u2019origine dei vostri dati se non sono stati raccolti presso di voi, eventualmente sull\u2019esistenza di una decisione individuale automatizzata nonch\u00e9, eventualmente, sui destinatari o sulle categorie di destinatari a cui vengono comunicati i dati personali.<\/p>\n\n\n\n<p>Avete anche il diritto di revocare in qualsiasi momento un consenso all\u2019utilizzo dei vostri dati personali eventualmente prestato in precedenza.<\/p>\n\n\n\n<p>Potete far valere i diritti menzionati in qualsiasi momento contattandoci all\u2019indirizzo indicato.<\/p>\n\n\n\n<p>Se ritenete che il trattamento dei vostri dati personali da parte nostra sia contrario alle vigenti disposizioni sulla privacy, avete la possibilit\u00e0 di presentare un <a href=\"https:\/\/www.edoeb.admin.ch\/edoeb\/it\/home\/deredoeb\/kontakt.html\">reclamo<\/a> all\u2019Incaricato federale della protezione dei dati e della trasparenza. <\/p>\n\n\n\n<p>Di seguito i nostri dati di contatto:&nbsp;<\/p>\n\n\n\n<p>Cassa di compensazione dei datori di lavoro zurighesi (AZA)<br>Siewerdtstrasse&nbsp;<br>8050 Zurigo&nbsp;<\/p>\n\n\n\n<p>T +41 44 315 58 00<br><a href=\"m&#97;&#105;lt&#111;&#58;i&#110;f&#111;&#64;a&#122;a.c&#104;\">info&#64;&#97;za.&#99;h<\/a>\n","protected":false},"excerpt":{"rendered":"<p>Ultimo aggiornamento: 1\u00b0\u00a0settembre 2023 Proteggiamo la vostra sfera privata e i vostri dati personali. Il trattamento dei dati personali dei\u2026<\/p>\n","protected":false},"author":2,"featured_media":0,"parent":0,"menu_order":34,"comment_status":"closed","ping_status":"closed","template":"","meta":{"_acf_changed":false,"footnotes":""},"class_list":["post-3776","page","type-page","status-publish","hentry"],"acf":[],"_links":{"self":[{"href":"https:\/\/aza.ch\/it\/wp-json\/wp\/v2\/pages\/3776","targetHints":{"allow":["GET"]}}],"collection":[{"href":"https:\/\/aza.ch\/it\/wp-json\/wp\/v2\/pages"}],"about":[{"href":"https:\/\/aza.ch\/it\/wp-json\/wp\/v2\/types\/page"}],"author":[{"embeddable":true,"href":"https:\/\/aza.ch\/it\/wp-json\/wp\/v2\/users\/2"}],"replies":[{"embeddable":true,"href":"https:\/\/aza.ch\/it\/wp-json\/wp\/v2\/comments?post=3776"}],"version-history":[{"count":0,"href":"https:\/\/aza.ch\/it\/wp-json\/wp\/v2\/pages\/3776\/revisions"}],"wp:attachment":[{"href":"https:\/\/aza.ch\/it\/wp-json\/wp\/v2\/media?parent=3776"}],"curies":[{"name":"wp","href":"https:\/\/api.w.org\/{rel}","templated":true}]}}