{"id":1967,"date":"2018-12-05T13:33:45","date_gmt":"2018-12-05T12:33:45","guid":{"rendered":"http:\/\/aza.ch.lucius.ch-meta.net\/partnerweb\/"},"modified":"2025-11-18T12:35:51","modified_gmt":"2025-11-18T11:35:51","slug":"connect","status":"publish","type":"page","link":"https:\/\/aza.ch\/it\/connect\/","title":{"rendered":"connect"},"content":{"rendered":"\n<p class=\"intro\">La piattaforma di eBusiness \u00abconnect\u00bb offre alle aziende nostre associate la possibilit\u00e0 di gestire con noi la maggior parte delle pratiche in formato elettronico e di ridurre nettamente la componente amministrativa. Tutti i dati vengono trasmessi in modalit\u00e0 cifrata.<\/p>\n\n\n\n<h2 class=\"wp-block-heading\">Che cos\u2019\u00e8 connect?<\/h2>\n\n\n\n<p>Connect&nbsp;\u00e8 una piattaforma internet protetta da password che vi consente di gestire le pratiche amministrative con noi in maniera rapida, sicura e con il minimo impiego possibile di documentazione cartacea. <\/p>\n\n\n\n<h2 class=\"wp-block-heading\">Cosa fa connect<\/h2>\n\n\n\n<p>La nostra piattaforma di eBusiness consente la gestione senza carta della maggior parte delle pratiche.<\/p>\n\n\n\n<h3 class=\"wp-block-heading\">Cassa di compensazione<\/h3>\n\n\n\n<ul class=\"o-list--ul wp-block-list\"><li>Iscrizione o ritiro dei collaboratori<\/li><li>Ordinazione o riassortimento degli attestati AVS<\/li><li>Stampa certificati di assicurazione per i nuovi collaboratori<\/li><li>Modifica dati personali (nome, stato civile, indirizzo)<\/li><li>Acquisizione e trasmissione notifiche annuali dei salari<\/li><li>Trasmissione file salari nello standard ELM (aziende medio-grandi)<\/li><li>Adeguamento dei contributi in acconto e forfait monte salari<\/li><\/ul>\n\n\n\n<h3 class=\"wp-block-heading\">Cassa di compensazione per assegni familiari<\/h3>\n\n\n\n<ul class=\"o-list--ul wp-block-list\"><li> Richiesta assegni familiari<\/li><li> Quadro prestazioni assegni<\/li><\/ul>\n\n\n\n<h2 class=\"wp-block-heading\">Come utilizzare connect?<\/h2>\n\n\n\n<p>Connect&nbsp;\u00e8 gratuitamente a disposizione di tutte le aziende nostre clienti. Registratevi subito: la procedura \u00e8 semplice e veloce. Tenete a disposizione il codice connect che vi \u00e8 stato recapitato per posta o e-mail (\u00abInvito in connect\u00bb) oppure comunicato telefonicamente. Non avete ancora un codice connect? Contattateci.<\/p>\n\n\n\n<ol class=\"o-list--ol wp-block-list\"><li><a aria-label=\"Inserite qui il codice partner e l\u2019indirizzo e-mail.\u2028Subito dopo riceverete il codice di attivazione via e-mail. \u2028Cliccate sul link presente nell\u2019e-mail. \nSe il link non dovesse funzionare inserite qui il codice di attivazione presente nell\u2019e-mail.\u2028Create una password e confermatela. (\u00f6ffnet in neuem Tab)\" href=\"https:\/\/www.akisnet.ch\/ak065\/register?spcd=3\" target=\"_blank\" rel=\"noreferrer noopener\">Inserite qui il codice connect e l\u2019indirizzo e-mail.<\/a><\/li><li>Subito dopo riceverete il codice di attivazione via e-mail. <\/li><li>Cliccate sul link presente nell\u2019e-mail. <br>Se il link non dovesse funzionare <a aria-label=\"Inserite qui il codice partner e l\u2019indirizzo e-mail.\u2028Subito dopo riceverete il codice di attivazione via e-mail. \u2028Cliccate sul link presente nell\u2019e-mail. \nSe il link non dovesse funzionare inserite qui il codice di attivazione presente nell\u2019e-mail.\u2028Create una password e confermatela. (\u00f6ffnet in neuem Tab)\" href=\"https:\/\/www.akisnet.ch\/ak065\/activate?spcd=3\" target=\"_blank\" rel=\"noreferrer noopener\">inserite qui il codice di attivazione<\/a> presente nell\u2019e-mail.<\/li><li>Create una password e confermatela.<\/li><\/ol>\n\n\n\n<h2 class=\"wp-block-heading\">Documentazione su connect<\/h2>\n\n\n\n<ul class=\"o-list--ul wp-block-list\"><li><a href=\"https:\/\/aza.ch\/ausgleichskasse\/assets\/uploads\/2019_connect_factsheet_AZA_i.pdf\" target=\"_blank\" rel=\"noreferrer noopener\">connect Factsheet<\/a><\/li><li><a aria-label=\"Profilo assicurativo ELM\u00a0 (\u00f6ffnet in neuem Tab)\" rel=\"noreferrer noopener\" href=\"https:\/\/aza.ch\/ausgleichskasse\/assets\/uploads\/elm-versicherungsprofil_i.pdf\" target=\"_blank\">Profilo assicurativo ELM\u00a0<\/a><\/li><\/ul>\n","protected":false},"excerpt":{"rendered":"<p>La piattaforma di eBusiness \u00abconnect\u00bb offre alle aziende nostre associate la possibilit\u00e0 di gestire con noi la maggior parte delle\u2026<\/p>\n","protected":false},"author":2,"featured_media":0,"parent":0,"menu_order":25,"comment_status":"closed","ping_status":"closed","template":"","meta":{"_acf_changed":false,"footnotes":""},"class_list":["post-1967","page","type-page","status-publish","hentry"],"acf":[],"_links":{"self":[{"href":"https:\/\/aza.ch\/it\/wp-json\/wp\/v2\/pages\/1967","targetHints":{"allow":["GET"]}}],"collection":[{"href":"https:\/\/aza.ch\/it\/wp-json\/wp\/v2\/pages"}],"about":[{"href":"https:\/\/aza.ch\/it\/wp-json\/wp\/v2\/types\/page"}],"author":[{"embeddable":true,"href":"https:\/\/aza.ch\/it\/wp-json\/wp\/v2\/users\/2"}],"replies":[{"embeddable":true,"href":"https:\/\/aza.ch\/it\/wp-json\/wp\/v2\/comments?post=1967"}],"version-history":[{"count":0,"href":"https:\/\/aza.ch\/it\/wp-json\/wp\/v2\/pages\/1967\/revisions"}],"wp:attachment":[{"href":"https:\/\/aza.ch\/it\/wp-json\/wp\/v2\/media?parent=1967"}],"curies":[{"name":"wp","href":"https:\/\/api.w.org\/{rel}","templated":true}]}}