{"id":1945,"date":"2018-12-05T12:57:21","date_gmt":"2018-12-05T11:57:21","guid":{"rendered":"http:\/\/aza.ch.lucius.ch-meta.net\/competenze\/ipg-maternita\/"},"modified":"2021-01-08T09:14:41","modified_gmt":"2021-01-08T08:14:41","slug":"indennita-perdita-guadagno","status":"publish","type":"page","link":"https:\/\/aza.ch\/it\/competenze\/indennita-perdita-guadagno\/","title":{"rendered":"Indennit\u00e0 di perdita di guadagno"},"content":{"rendered":"\n<p class=\"intro\">L\u2019indennit\u00e0 per perdita di guadagno (IPG) propone un\u2019adeguata compensazione alla perdita di guadagno dovuta all\u2019obbligo di servizio e alla maternit\u00e0 e paternit\u00e0. I contributi a questa assicurazione obbligatoria vengono addebitati insieme a quelli dell\u2019AVS\/AI.<\/p>\n\n\n\n<p>Chi opera nell\u2019Esercito svizzero, nella protezione civile, nella Croce Rossa o nel servizio civile oppure chi prende parte ai corsi federali e cantonali di istruttore di Giovent\u00f9 e Sport oppure ai corsi per monitori di giovani tiratori ha diritto all\u2019indennit\u00e0 di perdita di guadagno IPG. <\/p>\n\n\n\n<p>Per le prime 14 settimane dopo il parto le madri lavoratrici hanno diritto al congedo di maternit\u00e0 pagato (indennit\u00e0 di maternit\u00e0).<\/p>\n\n\n\n<p>Per i primi 6 mesi dopo il parto, i padri lavoratori hanno diritto al congedo di paternit\u00e0 pagato per un massimo di 2 settimane (indennit\u00e0 di paternit\u00e0).<\/p>\n\n\n\n<h2 class=\"wp-block-heading\">Pratiche<\/h2>\n\n\n\n<ul class=\"o-list--ul wp-block-list\"><li>Indennit\u00e0 di perdita di guadagno per prestatori di servizio nell\u2019Esercito ecc.<\/li><li>Congedo di maternit\u00e0<\/li><li>Indennit\u00e0 di paternit\u00e0<\/li><li>Indennit\u00e0 dell\u2019assicurazione di maternit\u00e0 nel Cantone di Ginevra (AMat genevoise)<\/li><li>Versamento anticipato dei contributi datoriali<\/li><\/ul>\n\n\n\n<p>I nostri tecnici sono a disposizione per assistenza e consulenza su ogni tipo di problematica. Contattateci.  <\/p>\n","protected":false},"excerpt":{"rendered":"<p>L\u2019indennit\u00e0 per perdita di guadagno (IPG) propone un\u2019adeguata compensazione alla perdita di guadagno dovuta all\u2019obbligo di servizio e alla maternit\u00e0\u2026<\/p>\n","protected":false},"author":2,"featured_media":0,"parent":1936,"menu_order":4,"comment_status":"closed","ping_status":"closed","template":"page-kompetenz.php","meta":{"_acf_changed":false,"footnotes":""},"class_list":["post-1945","page","type-page","status-publish","hentry"],"acf":[],"_links":{"self":[{"href":"https:\/\/aza.ch\/it\/wp-json\/wp\/v2\/pages\/1945","targetHints":{"allow":["GET"]}}],"collection":[{"href":"https:\/\/aza.ch\/it\/wp-json\/wp\/v2\/pages"}],"about":[{"href":"https:\/\/aza.ch\/it\/wp-json\/wp\/v2\/types\/page"}],"author":[{"embeddable":true,"href":"https:\/\/aza.ch\/it\/wp-json\/wp\/v2\/users\/2"}],"replies":[{"embeddable":true,"href":"https:\/\/aza.ch\/it\/wp-json\/wp\/v2\/comments?post=1945"}],"version-history":[{"count":0,"href":"https:\/\/aza.ch\/it\/wp-json\/wp\/v2\/pages\/1945\/revisions"}],"up":[{"embeddable":true,"href":"https:\/\/aza.ch\/it\/wp-json\/wp\/v2\/pages\/1936"}],"wp:attachment":[{"href":"https:\/\/aza.ch\/it\/wp-json\/wp\/v2\/media?parent=1945"}],"curies":[{"name":"wp","href":"https:\/\/api.w.org\/{rel}","templated":true}]}}