{"id":1936,"date":"2018-12-05T12:41:58","date_gmt":"2018-12-05T11:41:58","guid":{"rendered":"http:\/\/aza.ch.lucius.ch-meta.net\/competenze\/"},"modified":"2025-11-18T12:35:49","modified_gmt":"2025-11-18T11:35:49","slug":"competenze","status":"publish","type":"page","link":"https:\/\/aza.ch\/it\/competenze\/","title":{"rendered":"Competenze"},"content":{"rendered":"\n\n<div class=\"c-teaser\">\n  \n  <div class=\"c-teaser__heading\">\n    <h2 class=\"c-teaser__title\">\n      <a href=\"https:\/\/aza.ch\/it\/competenza\/affiliati\/\">\n        Affiliati      <\/a>\n    <\/h2>\n  <\/div>\n  <div class=\"c-teaser__content\">\n    <p>\n      Gestione semplice e lineare di tutte le pratiche per i nostri affiliati: aziende, lavoratori autonomi e non occupati.    <\/p>\n    <a class=\"c-teaser__link\" href=\"https:\/\/aza.ch\/it\/competenza\/affiliati\/\">\n      Informazioni per i nostri affiliati    <\/a>\n  <\/div>\n  \n<\/div>\n\n\n\n<div class=\"c-teaser\">\n  \n  <div class=\"c-teaser__heading\">\n    <h2 class=\"c-teaser__title\">\n      <a href=\"https:\/\/aza.ch\/it\/competenza\/avs-ai\/\">\n        AVS e AI      <\/a>\n    <\/h2>\n  <\/div>\n  <div class=\"c-teaser__content\">\n    <p>\n      Definizione ed erogazione di prestazioni AVS e AI. Chi ritiene di avere diritto a una prestazione, deve richiederla.    <\/p>\n    <a class=\"c-teaser__link\" href=\"https:\/\/aza.ch\/it\/competenza\/avs-ai\/\">\n      Informazioni su AVS e AI    <\/a>\n  <\/div>\n  \n<\/div>\n\n\n\n<div class=\"c-teaser\">\n  \n  <div class=\"c-teaser__heading\">\n    <h2 class=\"c-teaser__title\">\n      <a href=\"https:\/\/aza.ch\/it\/competenza\/assegni-familiari\/\">\n        Assegni familiari      <\/a>\n    <\/h2>\n  <\/div>\n  <div class=\"c-teaser__content\">\n    <p>\n      Definizione ed erogazione di assegni per i figli e di formazione, nonch\u00e9 di assegni di adozione e di nascita in singoli Cantoni.    <\/p>\n    <a class=\"c-teaser__link\" href=\"https:\/\/aza.ch\/it\/competenza\/assegni-familiari\/\">\n      Informazioni sugli assegni familiari    <\/a>\n  <\/div>\n  \n<\/div>\n\n\n\n<div class=\"c-teaser\">\n  \n  <div class=\"c-teaser__heading\">\n    <h2 class=\"c-teaser__title\">\n      <a href=\"https:\/\/aza.ch\/it\/competenze\/indennita-perdita-guadagno\/\">\n        Indennit\u00e0 di perdita di guadagno      <\/a>\n    <\/h2>\n  <\/div>\n  <div class=\"c-teaser__content\">\n    <p>\n      Definizione ed erogazione di indennit\u00e0 di perdita di guadagno dovuta a prestazione di servizio, maternit\u00e0 e paternit\u00e0.     <\/p>\n    <a class=\"c-teaser__link\" href=\"https:\/\/aza.ch\/it\/competenze\/indennita-perdita-guadagno\/\">\n      Informazioni sull\u2019indennit\u00e0 di perdita di guadagno    <\/a>\n  <\/div>\n  \n<\/div>","protected":false},"excerpt":{"rendered":"","protected":false},"author":2,"featured_media":0,"parent":0,"menu_order":8,"comment_status":"closed","ping_status":"closed","template":"page-fullwidth.php","meta":{"_acf_changed":false,"footnotes":""},"class_list":["post-1936","page","type-page","status-publish","hentry"],"acf":[],"_links":{"self":[{"href":"https:\/\/aza.ch\/it\/wp-json\/wp\/v2\/pages\/1936","targetHints":{"allow":["GET"]}}],"collection":[{"href":"https:\/\/aza.ch\/it\/wp-json\/wp\/v2\/pages"}],"about":[{"href":"https:\/\/aza.ch\/it\/wp-json\/wp\/v2\/types\/page"}],"author":[{"embeddable":true,"href":"https:\/\/aza.ch\/it\/wp-json\/wp\/v2\/users\/2"}],"replies":[{"embeddable":true,"href":"https:\/\/aza.ch\/it\/wp-json\/wp\/v2\/comments?post=1936"}],"version-history":[{"count":0,"href":"https:\/\/aza.ch\/it\/wp-json\/wp\/v2\/pages\/1936\/revisions"}],"wp:attachment":[{"href":"https:\/\/aza.ch\/it\/wp-json\/wp\/v2\/media?parent=1936"}],"curies":[{"name":"wp","href":"https:\/\/api.w.org\/{rel}","templated":true}]}}