{"id":1931,"date":"2018-12-05T12:37:23","date_gmt":"2018-12-05T11:37:23","guid":{"rendered":"http:\/\/aza.ch.lucius.ch-meta.net\/aza-cassa-compensazione-datori-lavoro-zurighesi\/"},"modified":"2025-11-18T12:35:49","modified_gmt":"2025-11-18T11:35:49","slug":"aza-cassa-compensazione-datori-lavoro-zurighesi","status":"publish","type":"page","link":"https:\/\/aza.ch\/it\/","title":{"rendered":"AZA &#8211; Cassa di compensazione dei datori di lavoro zurighesi"},"content":{"rendered":"\n\n<div class=\"c-teaser\">\n  \n  <div class=\"c-teaser__heading\">\n    <h2 class=\"c-teaser__title\">\n        Competenze    <\/h2>\n  <\/div>\n  <div class=\"c-teaser__content\">\n    \n        \n      <div class=\"c-teaser__grid\">\n      \n              \n        \n        <article>      \n        \n          <a class=\"c-teaser__link c-teaser__link--border\" href=\"https:\/\/aza.ch\/it\/competenza\/affiliati\/\">\n            Associati          <\/a>\n          \n          <p>\n            Gestione semplice e lineare di tutte le pratiche per i nostri affiliati: aziende, lavoratori autonomi e non occupati.          <\/p>\n        \n        <\/article>\n    \n              \n        \n        <article>      \n        \n          <a class=\"c-teaser__link c-teaser__link--border\" href=\"https:\/\/aza.ch\/it\/competenza\/avs-ai\/\">\n            AVS e AI          <\/a>\n          \n          <p>\n            Definizione ed erogazione di prestazioni AVS e AI. Chi ritiene di avere diritto a una prestazione, deve richiederla.          <\/p>\n        \n        <\/article>\n    \n              \n        \n        <article>      \n        \n          <a class=\"c-teaser__link c-teaser__link--border\" href=\"https:\/\/aza.ch\/it\/competenza\/assegni-familiari\/\">\n            Assegni familiari          <\/a>\n          \n          <p>\n            Definizione ed erogazione di assegni per i figli e di formazione, nonch\u00e9 di assegni di adozione e di nascita in singoli Cantoni.          <\/p>\n        \n        <\/article>\n    \n              \n        \n        <article>      \n        \n          <a class=\"c-teaser__link c-teaser__link--border\" href=\"https:\/\/aza.ch\/it\/competenze\/indennita-perdita-guadagno\/\">\n            Indennit\u00e0 di perdita di guadagno          <\/a>\n          \n          <p>\n            Definizione ed erogazione di indennit\u00e0 di perdita di guadagno dovuta a prestazione di servizio, maternit\u00e0 e paternit\u00e0.          <\/p>\n        \n        <\/article>\n    \n            \n      <\/div>\n    \n        \n    \n  <\/div>  \n<\/div>\n\n\n\n<div class=\"c-teaser\">\n  \n  <div class=\"c-teaser__heading\">\n    <h2 class=\"c-teaser__title\">\n      <a href=\"https:\/\/aza.ch\/it\/aza\/\">\n        L&#8217;AZA      <\/a>\n    <\/h2>\n  <\/div>\n  <div class=\"c-teaser__content\">\n    <p>\n      Quale impresa di servizi non a scopo di lucro siamo totalmente al servizio dei nostri utenti: aziende associate, aventi diritto e assicurati. Il nostro obiettivo \u00e8 quello di presentarci in ogni caso come operatore comprensivo e disponibile, in grado di offrire un servizio pratico e competente e di creare un tangibile valore aggiunto.    <\/p>\n    <a class=\"c-teaser__link\" href=\"https:\/\/aza.ch\/it\/aza\/\">\n      L&#8217;Ausgleichskasse Z\u00fcrcher Arbeitgeber    <\/a>\n  <\/div>\n  \n<\/div>","protected":false},"excerpt":{"rendered":"","protected":false},"author":2,"featured_media":0,"parent":0,"menu_order":1,"comment_status":"closed","ping_status":"closed","template":"","meta":{"_acf_changed":false,"footnotes":""},"class_list":["post-1931","page","type-page","status-publish","hentry"],"acf":[],"_links":{"self":[{"href":"https:\/\/aza.ch\/it\/wp-json\/wp\/v2\/pages\/1931","targetHints":{"allow":["GET"]}}],"collection":[{"href":"https:\/\/aza.ch\/it\/wp-json\/wp\/v2\/pages"}],"about":[{"href":"https:\/\/aza.ch\/it\/wp-json\/wp\/v2\/types\/page"}],"author":[{"embeddable":true,"href":"https:\/\/aza.ch\/it\/wp-json\/wp\/v2\/users\/2"}],"replies":[{"embeddable":true,"href":"https:\/\/aza.ch\/it\/wp-json\/wp\/v2\/comments?post=1931"}],"version-history":[{"count":0,"href":"https:\/\/aza.ch\/it\/wp-json\/wp\/v2\/pages\/1931\/revisions"}],"wp:attachment":[{"href":"https:\/\/aza.ch\/it\/wp-json\/wp\/v2\/media?parent=1931"}],"curies":[{"name":"wp","href":"https:\/\/api.w.org\/{rel}","templated":true}]}}