{"id":3772,"date":"2019-11-14T11:14:53","date_gmt":"2019-11-14T10:14:53","guid":{"rendered":"https:\/\/aza.ch\/?page_id=3772"},"modified":"2025-11-18T12:35:51","modified_gmt":"2025-11-18T11:35:51","slug":"confidentialite","status":"publish","type":"page","link":"https:\/\/aza.ch\/fr\/confidentialite\/","title":{"rendered":"D\u00e9claration de protection des donn\u00e9es pour aza.ch"},"content":{"rendered":"\n<p>\u00c9tat: 01.09.2023<\/p>\n\n\n\n<p>Nous prot\u00e9geons votre vie priv\u00e9e et vos donn\u00e9es personnelles. Notre traitement des donn\u00e9es de nos utilisateurs se limite aux donn\u00e9es n\u00e9cessaires \u00e0 la mise \u00e0 disposition d\u2019un site Internet fonctionnel ainsi que de nos contenus et prestations. Nous collectons, traitons et utilisons vos donn\u00e9es personnelles conform\u00e9ment au contenu des pr\u00e9sentes dispositions sur la protection des donn\u00e9es ainsi qu\u2019aux prescriptions applicables en mati\u00e8re de protection des donn\u00e9es, en particulier la loi suisse sur la protection des donn\u00e9es (LPD). Les pr\u00e9sentes dispositions relatives \u00e0 la protection des donn\u00e9es d\u00e9finissent les donn\u00e9es personnelles que nous collectons, traitons et utilisons \u00e0 votre sujet. Nous vous prions donc de lire attentivement ce qui suit.<\/p>\n\n\n\n<h2 class=\"wp-block-heading\">1. Responsables<\/h2>\n\n\n\n<p>La Ausgleichskasse Z\u00fcrcher Arbeitgeber (ci-apr\u00e8s d\u00e9nomm\u00e9e: \u00abNous\u00bb) est, en tant qu\u2019exploitante du site <em>www.aza.ch<\/em> , responsable des donn\u00e9es personnelles des utilisateurs (ci-apr\u00e8s d\u00e9nomm\u00e9s: \u00abVous\u00bb) du site web au sens de la LPD.<\/p>\n\n\n\n<p>Les \u00e9ventuelles demandes concernant la protection des donn\u00e9es ou les questions sur la mani\u00e8re dont nous traitons les donn\u00e9es personnelles peuvent \u00eatre adress\u00e9es aux personnes suivantes:&nbsp;<\/p>\n\n\n\n<p>Beat Zberg<br>Coordinateur de la protection des donn\u00e9es de l\u2019AZA<br>044 315 58 60 \/ <a href=\"mailto:bea065@aza.ch\">bea065@aza.ch<\/a><\/p>\n\n\n\n<p>Stefan Spicher<br>Directeur et responsable RH de l\u2019AZA<br>044 315 58 10 | <a href=\"mailto:ste045@aza.ch\">ste045@aza.ch<\/a> <\/p>\n\n\n\n<p>Jeremy-David Benjamin<br>Conseiller \u00e0 la protection des donn\u00e9es de l\u2019AZA<br>\u00a0<a href=\"mailto:jeremy@secure4u.ch\">jeremy@secure4u.ch<\/a><\/p>\n\n\n\n<h2 class=\"wp-block-heading\">Description et ampleur du traitement des donn\u00e9es<\/h2>\n\n\n\n<ul class=\"o-list--ul wp-block-list\">\n<li>Les donn\u00e9es personnelles au sens des pr\u00e9sentes dispositions relatives \u00e0 la protection des donn\u00e9es sont toutes les informations qui se rapportent \u00e0 une personne physique identifi\u00e9e ou identifiable (ci-apr\u00e8s d\u00e9nomm\u00e9e \u00abpersonne concern\u00e9e\u00bb). Il s\u2019agit notamment de votre nom, de votre adresse \u00e9lectronique, de vos informations d\u2019adresse, etc.<\/li>\n<\/ul>\n\n\n\n<ul class=\"o-list--ul wp-block-list\">\n<li><span style=\"color: initial;\">Les donn\u00e9es personnelles comprennent \u00e9galement des informations sur votre utilisation de notre site web. Dans ce contexte, nous collectons des donn\u00e9es personnelles aupr\u00e8s de vous comme suit: des informations sur vos visites sur notre site web, telles que le volume du transfert de donn\u00e9es, l\u2019endroit \u00e0 partir duquel vous consultez des donn\u00e9es sur notre site web, ainsi que d\u2019autres donn\u00e9es de connexion et sources que vous consultez. Cela se fait g\u00e9n\u00e9ralement par l\u2019utilisation de fichiers journaux et de cookies. Vous trouverez plus d\u2019informations sur les fichiers journaux et les cookies ci-dessous.re site web. Dans ce contexte, nous collectons des donn\u00e9es personnelles aupr\u00e8s de vous comme suit: des informations sur vos visites sur notre site web, telles que le volume du transfert de donn\u00e9es, l\u2019endroit \u00e0 partir duquel vous consultez des donn\u00e9es sur notre site web, ainsi que d\u2019autres donn\u00e9es de connexion et sources que vous consultez. Cela se fait g\u00e9n\u00e9ralement par l\u2019utilisation de fichiers journaux et de cookies. Vous trouverez plus d\u2019informations sur les fichiers journaux et les cookies ci-dessous.<\/span><\/li>\n<\/ul>\n\n\n\n<ul class=\"o-list--ul wp-block-list\">\n<li>Si nous collectons votre adresse IP, celle-ci n\u2019est enregistr\u00e9e que pour la dur\u00e9e de votre utilisation du site web et est ensuite imm\u00e9diatement effac\u00e9e ou rendue anonyme par raccourcissement.<\/li>\n<\/ul>\n\n\n\n<h2 class=\"wp-block-heading\">2. Motif de l&rsquo;utilisation<\/h2>\n\n\n\n<p>Nous n\u2019utilisons en principe pas de donn\u00e9es personnelles, la seule exception \u00e9tant la communication de donn\u00e9es personnelles telles que les donn\u00e9es d\u2019adresse, les adresses de paiement, etc. au moyen du formulaire de contact.<\/p>\n\n\n\n<h2 class=\"wp-block-heading\">3. Principes du traitement des donn\u00e9es<\/h2>\n\n\n\n<p>Lors du traitement des donn\u00e9es, nous tenons compte des principes de traitement de la l\u00e9galit\u00e9, de la proportionnalit\u00e9, de la finalit\u00e9, de la transparence \u2013 notamment le respect des obligations d\u2019information \u2013 et de la s\u00e9curit\u00e9 des donn\u00e9es.<\/p>\n\n\n\n<h2 class=\"wp-block-heading\">4. Informations sur votre ordinateur, cookies<\/h2>\n\n\n\n<ul class=\"o-list--ul wp-block-list\">\n<li>Chaque fois que vous acc\u00e9dez \u00e0 notre site, nous collectons les informations suivantes sur votre ordinateur: l\u2019adresse IP de votre ordinateur, la requ\u00eate de votre navigateur, le lieu d\u2019acc\u00e8s et l\u2019heure de cette requ\u00eate. En outre, le statut et la quantit\u00e9 de donn\u00e9es transmises sont saisis dans le cadre de cette demande. Nous collectons \u00e9galement des informations sur le produit et la version du navigateur utilis\u00e9 et du syst\u00e8me d\u2019exploitation de votre ordinateur. Nous enregistrons \u00e9galement le site web \u00e0 partir duquel l\u2019acc\u00e8s \u00e0 notre site a eu lieu. L\u2019adresse IP de votre ordinateur n\u2019est enregistr\u00e9e que pour la dur\u00e9e de votre utilisation du site web et est ensuite imm\u00e9diatement effac\u00e9e ou rendue anonyme par abr\u00e9viation. Nous utilisons ces donn\u00e9es pour le fonctionnement de notre site web, notamment pour d\u00e9tecter et corriger les erreurs du site web, pour d\u00e9terminer le taux d\u2019utilisation du site web et pour proc\u00e9der \u00e0 des adaptations ou des am\u00e9liorations.<\/li>\n\n\n\n<li>Les cookies contribuent sous de nombreux aspects \u00e0 rendre votre visite sur notre site web plus simple, plus agr\u00e9able et plus judicieuse. Les cookies sont des fichiers d\u2019information que votre navigateur web enregistre automatiquement sur le disque dur de votre ordinateur lorsque vous visitez notre site web.<\/li>\n<\/ul>\n\n\n\n<p>Nous utilisons par exemple des cookies pour enregistrer temporairement les prestations que vous avez choisies et les donn\u00e9es que vous avez saisies lorsque vous remplissez un formulaire sur le site web, afin que vous ne deviez pas r\u00e9p\u00e9ter la saisie lorsque vous consultez une autre sous-page. Les cookies sont \u00e9galement utilis\u00e9s, le cas \u00e9ch\u00e9ant, pour pouvoir vous identifier en tant qu\u2019utilisateur enregistr\u00e9 apr\u00e8s votre inscription sur le site web, sans que vous ayez \u00e0 vous connecter \u00e0 nouveau lorsque vous consultez une autre sous-page.<\/p>\n\n\n\n<p>Si vous ne souhaitez pas l\u2019utilisation de cookies de navigation, vous pouvez configurer votre navigateur de mani\u00e8re \u00e0 ce qu\u2019il n\u2019accepte pas l\u2019enregistrement de cookies. Veuillez noter que dans ce cas, vous ne pourrez utiliser notre site web que de mani\u00e8re restreinte, voire pas du tout. Si vous ne souhaitez accepter que nos propres cookies et non ceux de nos prestataires de services et partenaires, vous pouvez s\u00e9lectionner le param\u00e8tre \u00abBloquer les cookies tiers\u00bb dans votre navigateur.<\/p>\n\n\n\n<h2 class=\"wp-block-heading\">5. S\u00e9curit\u00e9 des donn\u00e9es<\/h2>\n\n\n\n<p>Nous traitons et enregistrons en principe les donn\u00e9es personnelles sur des serveurs situ\u00e9s en Suisse. Si n\u00e9cessaire et si la loi le permet, nous transmettons \u00e9galement vos donn\u00e9es personnelles \u00e0 des destinataires situ\u00e9s en dehors de la Suisse et de l\u2019Union europ\u00e9enne, dans un pays qui ne garantit pas une protection ad\u00e9quate des donn\u00e9es. Si des donn\u00e9es personnelles sont transf\u00e9r\u00e9es vers un pays ne disposant pas d\u2019une protection ad\u00e9quate des donn\u00e9es, nous assurons une protection appropri\u00e9e en utilisant des garanties suffisantes, comme sur la base des clauses contractuelles types de l\u2019UE, des directives internes contraignantes en mati\u00e8re de protection des donn\u00e9es.<\/p>\n\n\n\n<p>Les questions relatives \u00e0 de tels transferts de donn\u00e9es et aux garanties appliqu\u00e9es dans un cas concret peuvent \u00eatre adress\u00e9es \u00e0 tout moment \u00e0 la personne de contact mentionn\u00e9e au point 1. <\/p>\n\n\n\n<p>Malheureusement, la transmission d\u2019informations par Internet n\u2019est pas enti\u00e8rement s\u00e9curis\u00e9e, c\u2019est pourquoi nous ne pouvons pas garantir la s\u00e9curit\u00e9 des donn\u00e9es transmises \u00e0 notre site via Internet. Nous prot\u00e9geons toutefois notre site web et nos autres syst\u00e8mes par des mesures techniques et organisationnelles contre la perte, la destruction, l\u2019acc\u00e8s, la modification ou la diffusion de vos donn\u00e9es par des personnes non autoris\u00e9es. En particulier, vos donn\u00e9es personnelles sont transmises chez nous de mani\u00e8re crypt\u00e9e. Nous utilisons pour cela le syst\u00e8me de codage SSL (Secure Socket Layer).<\/p>\n\n\n\n<h2 class=\"wp-block-heading\">6. Pas de transmission de vos donn\u00e9es personelles<\/h2>\n\n\n\n<p>Nous ne transmettons pas vos donn\u00e9es personnelles \u00e0 des tiers, \u00e0 moins que vous n\u2019ayez donn\u00e9 votre consentement \u00e0 la transmission des donn\u00e9es ou que nous soyons autoris\u00e9s ou oblig\u00e9s de transmettre des donn\u00e9es en vertu de dispositions l\u00e9gales et\/ou d\u2019ordonnances administratives ou judiciaires. Il peut s\u2019agir notamment de la communication d\u2019informations \u00e0 des fins de poursuites p\u00e9nales, de pr\u00e9vention de menaces ou d\u2019application des droits de propri\u00e9t\u00e9 intellectuelle.<\/p>\n\n\n\n<h2 class=\"wp-block-heading\">7. Modifications de la pr\u00e9sente politique de confidentialit\u00e9<\/h2>\n\n\n\n<p>Nous nous r\u00e9servons le droit de modifier \u00e0 tout moment la pr\u00e9sente politique de confidentialit\u00e9 avec effet pour l\u2019avenir. Une version actualis\u00e9e est disponible sur le site web. Nous vous invitons \u00e0 consulter r\u00e9guli\u00e8rement le site et \u00e0 vous informer sur les dispositions en vigueur en mati\u00e8re de protection des donn\u00e9es.<\/p>\n\n\n\n<h2 class=\"wp-block-heading\">8. Vos droits<\/h2>\n\n\n\n<p>Vous avez le droit de demander des informations sur vos donn\u00e9es personnelles que nous traitons. Vous pouvez notamment demander des informations sur les donn\u00e9es personnelles en tant que telles, la finalit\u00e9 du traitement, la dur\u00e9e de conservation ou, si cela n\u2019est pas possible, les crit\u00e8res de d\u00e9termination de cette dur\u00e9e, l\u2019origine de vos donn\u00e9es si elles n\u2019ont pas \u00e9t\u00e9 collect\u00e9es aupr\u00e8s de vous, l\u2019existence \u00e9ventuelle d\u2019une d\u00e9cision individuelle automatis\u00e9e et, le cas \u00e9ch\u00e9ant, les destinataires ou les cat\u00e9gories de destinataires auxquels les donn\u00e9es personnelles sont communiqu\u00e9es.<\/p>\n\n\n\n<p>Vous avez \u00e9galement le droit de r\u00e9voquer \u00e0 tout moment le consentement que vous avez \u00e9ventuellement donn\u00e9 pour l\u2019utilisation de vos donn\u00e9es personnelles.<\/p>\n\n\n\n<p>Vous pouvez \u00e0 tout moment faire valoir vos droits susmentionn\u00e9s aupr\u00e8s de nous \u00e0 l\u2019adresse de contact indiqu\u00e9e. <\/p>\n\n\n\n<p>Si vous estimez que le traitement de vos donn\u00e9es personnelles par nos soins est contraire aux dispositions en vigueur en mati\u00e8re de protection des donn\u00e9es, vous avez la possibilit\u00e9 <a href=\"https:\/\/www.edoeb.admin.ch\/edoeb\/fr\/home\/deredoeb\/kontakt.html\">de d\u00e9poser une plainte<\/a> aupr\u00e8s du Pr\u00e9pos\u00e9 f\u00e9d\u00e9ral \u00e0 la protection des donn\u00e9es et \u00e0 la transparence<strong>.<\/strong><\/p>\n\n\n\n<p>Vous pouvez nous joindre \u00e0 l\u2019adresse suivante:<\/p>\n\n\n\n<p>Ausgleichskasse Z\u00fcrcher Arbeitgeber <br>Siewerdtstrasse 9<br>8050 Zurich<\/p>\n\n\n\n<p>T&nbsp;+41 44 315 58 00<br><a href=\"&#109;a&#105;lt&#111;:inf&#111;&#64;&#97;&#122;a.c&#104;\">&#105;n&#102;&#111;&#64;&#97;&#122;&#97;&#46;c&#104;<\/a>\n","protected":false},"excerpt":{"rendered":"<p>\u00c9tat: 01.09.2023 Nous prot\u00e9geons votre vie priv\u00e9e et vos donn\u00e9es personnelles. Notre traitement des donn\u00e9es de nos utilisateurs se limite\u2026<\/p>\n","protected":false},"author":2,"featured_media":0,"parent":0,"menu_order":34,"comment_status":"closed","ping_status":"closed","template":"","meta":{"_acf_changed":false,"footnotes":""},"class_list":["post-3772","page","type-page","status-publish","hentry"],"acf":[],"_links":{"self":[{"href":"https:\/\/aza.ch\/fr\/wp-json\/wp\/v2\/pages\/3772","targetHints":{"allow":["GET"]}}],"collection":[{"href":"https:\/\/aza.ch\/fr\/wp-json\/wp\/v2\/pages"}],"about":[{"href":"https:\/\/aza.ch\/fr\/wp-json\/wp\/v2\/types\/page"}],"author":[{"embeddable":true,"href":"https:\/\/aza.ch\/fr\/wp-json\/wp\/v2\/users\/2"}],"replies":[{"embeddable":true,"href":"https:\/\/aza.ch\/fr\/wp-json\/wp\/v2\/comments?post=3772"}],"version-history":[{"count":0,"href":"https:\/\/aza.ch\/fr\/wp-json\/wp\/v2\/pages\/3772\/revisions"}],"wp:attachment":[{"href":"https:\/\/aza.ch\/fr\/wp-json\/wp\/v2\/media?parent=3772"}],"curies":[{"name":"wp","href":"https:\/\/api.w.org\/{rel}","templated":true}]}}