{"id":1617,"date":"2018-11-27T16:10:00","date_gmt":"2018-11-27T15:10:00","guid":{"rendered":"http:\/\/aza.ch.lucius.ch-meta.net\/aza-ausgleichskasse-zuercher-arbeitgeber\/"},"modified":"2025-11-18T12:35:49","modified_gmt":"2025-11-18T11:35:49","slug":"aza-ausgleichskasse-zuercher-arbeitgeber","status":"publish","type":"page","link":"https:\/\/aza.ch\/fr\/","title":{"rendered":"AZA &#8211; Ausgleichskasse Z\u00fcrcher Arbeitgeber"},"content":{"rendered":"\n\n<div class=\"c-teaser\">\n  \n  <div class=\"c-teaser__heading\">\n    <h2 class=\"c-teaser__title\">\n        Comp\u00e9tences    <\/h2>\n  <\/div>\n  <div class=\"c-teaser__content\">\n    \n        \n      <div class=\"c-teaser__grid\">\n      \n              \n        \n        <article>      \n        \n          <a class=\"c-teaser__link c-teaser__link--border\" href=\"https:\/\/aza.ch\/fr\/competences\/affilies\/\">\n            Affili\u00e9s          <\/a>\n          \n          <p>\n            Traitement simple et rapide de tous les cas pour nos affili\u00e9s \u2013 entreprises, ind\u00e9pendants et personnes sans activit\u00e9 lucrative.          <\/p>\n        \n        <\/article>\n    \n              \n        \n        <article>      \n        \n          <a class=\"c-teaser__link c-teaser__link--border\" href=\"https:\/\/aza.ch\/fr\/competences\/avs-ai\/\">\n            AVS et AI          <\/a>\n          \n          <p>\n            Fixation et versement de prestations AVS et AI. Quiconque fait une requ\u00eate de prestation doit l\u2019annoncer          <\/p>\n        \n        <\/article>\n    \n              \n        \n        <article>      \n        \n          <a class=\"c-teaser__link c-teaser__link--border\" href=\"https:\/\/aza.ch\/fr\/competences\/allocations-familiales\/\">\n            Allocations familiales          <\/a>\n          \n          <p>\n            Fixation et versement d\u2019allocations pour enfant et de formation ainsi que, dans certains cantons, des allocations de naissance et d\u2019adoption.          <\/p>\n        \n        <\/article>\n    \n              \n        \n        <article>      \n        \n          <a class=\"c-teaser__link c-teaser__link--border\" href=\"https:\/\/aza.ch\/fr\/competences\/allocation-perte-gain\/\">\n            Allocation pour perte de gain          <\/a>\n          \n          <p>\n            Fixation et versement de l\u2019allocation de perte de gain en cas de service, de maternit\u00e9 et de paternit\u00e9.          <\/p>\n        \n        <\/article>\n    \n            \n      <\/div>\n    \n        \n    \n  <\/div>  \n<\/div>\n\n\n\n<div class=\"c-teaser\">\n  \n  <div class=\"c-teaser__heading\">\n    <h2 class=\"c-teaser__title\">\n      <a href=\"https:\/\/aza.ch\/fr\/aza\/\">\n        L&rsquo;AZA      <\/a>\n    <\/h2>\n  <\/div>\n  <div class=\"c-teaser__content\">\n    <p>\n      En tant qu\u2019entreprise de services \u00e0 but non lucratif, nous sommes enti\u00e8rement au service de nos clients: les entreprises affili\u00e9es, les b\u00e9n\u00e9ficiaires de prestations et les assur\u00e9s. Pour eux, nous souhaitons \u00e0 tout moment faire office de partenaire compr\u00e9hensif et serviable, leur offrir un service comp\u00e9tent et orient\u00e9 sur la pratique et cr\u00e9er ainsi une plus-value notable. Telle est notre exigence.    <\/p>\n    <a class=\"c-teaser__link\" href=\"https:\/\/aza.ch\/fr\/aza\/\">\n      L&rsquo;Ausgleichskasse Z\u00fcrcher Arbeitgeber    <\/a>\n  <\/div>\n  \n<\/div>","protected":false},"excerpt":{"rendered":"","protected":false},"author":2,"featured_media":0,"parent":0,"menu_order":1,"comment_status":"closed","ping_status":"closed","template":"","meta":{"_acf_changed":false,"footnotes":""},"class_list":["post-1617","page","type-page","status-publish","hentry"],"acf":[],"_links":{"self":[{"href":"https:\/\/aza.ch\/fr\/wp-json\/wp\/v2\/pages\/1617","targetHints":{"allow":["GET"]}}],"collection":[{"href":"https:\/\/aza.ch\/fr\/wp-json\/wp\/v2\/pages"}],"about":[{"href":"https:\/\/aza.ch\/fr\/wp-json\/wp\/v2\/types\/page"}],"author":[{"embeddable":true,"href":"https:\/\/aza.ch\/fr\/wp-json\/wp\/v2\/users\/2"}],"replies":[{"embeddable":true,"href":"https:\/\/aza.ch\/fr\/wp-json\/wp\/v2\/comments?post=1617"}],"version-history":[{"count":0,"href":"https:\/\/aza.ch\/fr\/wp-json\/wp\/v2\/pages\/1617\/revisions"}],"wp:attachment":[{"href":"https:\/\/aza.ch\/fr\/wp-json\/wp\/v2\/media?parent=1617"}],"curies":[{"name":"wp","href":"https:\/\/api.w.org\/{rel}","templated":true}]}}