{"id":1614,"date":"2018-11-27T16:07:24","date_gmt":"2018-11-27T15:07:24","guid":{"rendered":"http:\/\/aza.ch.lucius.ch-meta.net\/competences\/"},"modified":"2025-11-18T12:35:49","modified_gmt":"2025-11-18T11:35:49","slug":"competences","status":"publish","type":"page","link":"https:\/\/aza.ch\/fr\/competences\/","title":{"rendered":"Comp\u00e9tences"},"content":{"rendered":"\n\n<div class=\"c-teaser\">\n  \n  <div class=\"c-teaser__heading\">\n    <h2 class=\"c-teaser__title\">\n      <a href=\"https:\/\/aza.ch\/fr\/competences\/affilies\/\">\n        Affili\u00e9s      <\/a>\n    <\/h2>\n  <\/div>\n  <div class=\"c-teaser__content\">\n    <p>\n      Traitement simple et rapide de tous les cas pour nos affili\u00e9s \u2013 entreprises, ind\u00e9pendants et personnes sans activit\u00e9 lucrative.    <\/p>\n    <a class=\"c-teaser__link\" href=\"https:\/\/aza.ch\/fr\/competences\/affilies\/\">\n      Informations pour nos affili\u00e9s    <\/a>\n  <\/div>\n  \n<\/div>\n\n\n\n<div class=\"c-teaser\">\n  \n  <div class=\"c-teaser__heading\">\n    <h2 class=\"c-teaser__title\">\n      <a href=\"https:\/\/aza.ch\/fr\/competences\/avs-ai\/\">\n        AVS et AI      <\/a>\n    <\/h2>\n  <\/div>\n  <div class=\"c-teaser__content\">\n    <p>\n      Fixation et versement de prestations AVS et AI. Quiconque pr\u00e9tend \u00e0 une prestation doit en faire la requ\u00eate.    <\/p>\n    <a class=\"c-teaser__link\" href=\"https:\/\/aza.ch\/fr\/competences\/avs-ai\/\">\n      Informations sur AVS et AI    <\/a>\n  <\/div>\n  \n<\/div>\n\n\n\n<div class=\"c-teaser\">\n  \n  <div class=\"c-teaser__heading\">\n    <h2 class=\"c-teaser__title\">\n      <a href=\"https:\/\/aza.ch\/fr\/competences\/allocations-familiales\/\">\n        Allocations familiales      <\/a>\n    <\/h2>\n  <\/div>\n  <div class=\"c-teaser__content\">\n    <p>\n      Fixation et versement d\u2019allocations pour enfant et de formation ainsi que, dans certains cantons, des allocations de naissance et d\u2019adoption.    <\/p>\n    <a class=\"c-teaser__link\" href=\"https:\/\/aza.ch\/fr\/competences\/allocations-familiales\/\">\n      Informations sur les allocations familiales    <\/a>\n  <\/div>\n  \n<\/div>\n\n\n\n<div class=\"c-teaser\">\n  \n  <div class=\"c-teaser__heading\">\n    <h2 class=\"c-teaser__title\">\n      <a href=\"https:\/\/aza.ch\/fr\/competences\/allocation-perte-gain\/\">\n        Allocation pour perte de gain      <\/a>\n    <\/h2>\n  <\/div>\n  <div class=\"c-teaser__content\">\n    <p>\n      Fixation et versement de l\u2019allocation de perte de gain en cas de service, de maternit\u00e9 et de paternit\u00e9.    <\/p>\n    <a class=\"c-teaser__link\" href=\"https:\/\/aza.ch\/fr\/competences\/allocation-perte-gain\/\">\n      Informations sur l\u2019allocation pour perte de gain    <\/a>\n  <\/div>\n  \n<\/div>","protected":false},"excerpt":{"rendered":"","protected":false},"author":2,"featured_media":0,"parent":0,"menu_order":8,"comment_status":"closed","ping_status":"closed","template":"page-fullwidth.php","meta":{"_acf_changed":false,"footnotes":""},"class_list":["post-1614","page","type-page","status-publish","hentry"],"acf":[],"_links":{"self":[{"href":"https:\/\/aza.ch\/fr\/wp-json\/wp\/v2\/pages\/1614","targetHints":{"allow":["GET"]}}],"collection":[{"href":"https:\/\/aza.ch\/fr\/wp-json\/wp\/v2\/pages"}],"about":[{"href":"https:\/\/aza.ch\/fr\/wp-json\/wp\/v2\/types\/page"}],"author":[{"embeddable":true,"href":"https:\/\/aza.ch\/fr\/wp-json\/wp\/v2\/users\/2"}],"replies":[{"embeddable":true,"href":"https:\/\/aza.ch\/fr\/wp-json\/wp\/v2\/comments?post=1614"}],"version-history":[{"count":0,"href":"https:\/\/aza.ch\/fr\/wp-json\/wp\/v2\/pages\/1614\/revisions"}],"wp:attachment":[{"href":"https:\/\/aza.ch\/fr\/wp-json\/wp\/v2\/media?parent=1614"}],"curies":[{"name":"wp","href":"https:\/\/api.w.org\/{rel}","templated":true}]}}