{"id":1609,"date":"2018-11-27T16:00:16","date_gmt":"2018-11-27T15:00:16","guid":{"rendered":"http:\/\/aza.ch.lucius.ch-meta.net\/outils\/"},"modified":"2025-11-18T12:35:50","modified_gmt":"2025-11-18T11:35:50","slug":"outils","status":"publish","type":"page","link":"https:\/\/aza.ch\/fr\/outils\/","title":{"rendered":"Outils"},"content":{"rendered":"\n\n<div class=\"c-teaser\">\n  \n  <div class=\"c-teaser__heading\">\n    <h2 class=\"c-teaser__title\">\n      <a href=\"https:\/\/aza.ch\/fr\/outils\/cas-pratiques\/\">\n        Cas pratiques      <\/a>\n    <\/h2>\n  <\/div>\n  <div class=\"c-teaser__content\">\n    <p>\n      S\u00e9lection de cas pratiques     <\/p>\n    <a class=\"c-teaser__link\" href=\"https:\/\/aza.ch\/fr\/outils\/cas-pratiques\/\">\n      Cas pratiques    <\/a>\n  <\/div>\n  \n<\/div>\n\n\n\n<div class=\"c-teaser\">\n  \n  <div class=\"c-teaser__heading\">\n    <h2 class=\"c-teaser__title\">\n      <a href=\"https:\/\/aza.ch\/fr\/outils\/informations\/\">\n        Infos de A \u00e0 Z      <\/a>\n    <\/h2>\n  <\/div>\n  <div class=\"c-teaser__content\">\n    <p>\n      Documents, m\u00e9mentos, calculs en ligne, hyperliens, tarifs, r\u00e9ponses aux questions fr\u00e9quentes et bien plus encore    <\/p>\n    <a class=\"c-teaser__link\" href=\"https:\/\/aza.ch\/fr\/outils\/informations\/\">\n      Informations de A \u00e0 Z    <\/a>\n  <\/div>\n  \n<\/div>","protected":false},"excerpt":{"rendered":"","protected":false},"author":2,"featured_media":0,"parent":0,"menu_order":13,"comment_status":"closed","ping_status":"closed","template":"page-fullwidth.php","meta":{"_acf_changed":false,"footnotes":""},"class_list":["post-1609","page","type-page","status-publish","hentry"],"acf":[],"_links":{"self":[{"href":"https:\/\/aza.ch\/fr\/wp-json\/wp\/v2\/pages\/1609","targetHints":{"allow":["GET"]}}],"collection":[{"href":"https:\/\/aza.ch\/fr\/wp-json\/wp\/v2\/pages"}],"about":[{"href":"https:\/\/aza.ch\/fr\/wp-json\/wp\/v2\/types\/page"}],"author":[{"embeddable":true,"href":"https:\/\/aza.ch\/fr\/wp-json\/wp\/v2\/users\/2"}],"replies":[{"embeddable":true,"href":"https:\/\/aza.ch\/fr\/wp-json\/wp\/v2\/comments?post=1609"}],"version-history":[{"count":0,"href":"https:\/\/aza.ch\/fr\/wp-json\/wp\/v2\/pages\/1609\/revisions"}],"wp:attachment":[{"href":"https:\/\/aza.ch\/fr\/wp-json\/wp\/v2\/media?parent=1609"}],"curies":[{"name":"wp","href":"https:\/\/api.w.org\/{rel}","templated":true}]}}