{"id":1608,"date":"2018-11-27T15:21:20","date_gmt":"2018-11-27T14:21:20","guid":{"rendered":"http:\/\/aza.ch.lucius.ch-meta.net\/apg-et-maternite\/"},"modified":"2021-01-08T09:05:01","modified_gmt":"2021-01-08T08:05:01","slug":"allocation-perte-gain","status":"publish","type":"page","link":"https:\/\/aza.ch\/fr\/competences\/allocation-perte-gain\/","title":{"rendered":"Allocation pour perte de gain"},"content":{"rendered":"\n<p class=\"intro\">Les allocations pour perte de gain (APG) pr\u00e9voient une juste compensation de la perte de gain en cas de service, de maternit\u00e9 et de paternit\u00e9. Les cotisations \u00e0 cette assurance obligatoire sont per\u00e7ues en m\u00eame temps que celles de l&rsquo;AVS\/AI.<\/p>\n\n\n\n<p>Toute personne au service de l\u2019arm\u00e9e suisse, de la protection civile, de la Croix-Rouge ou du service civil, ou qui participe \u00e0 des cours f\u00e9d\u00e9raux et cantonaux de J+S ou aux cours pour moniteurs de jeunes tireurs, a droit \u00e0 une indemnit\u00e9 de perte de gain de l\u2019APG. <\/p>\n\n\n\n<p>Les m\u00e8res qui travaillent ont droit \u00e0 un cong\u00e9 de maternit\u00e9 pay\u00e9 (allocation de maternit\u00e9) pendant les 14 premi\u00e8res semaines suivant l\u2019accouchement.<\/p>\n\n\n\n<p>Les p\u00e8res qui travaillent ont droit \u00e0 un cong\u00e9 de paternit\u00e9 pay\u00e9 d&rsquo;une dur\u00e9e maximale de 2 semaines (allocation de paternit\u00e9) pendant les 6 mois suivants la naissance.<\/p>\n\n\n\n<h2 class=\"wp-block-heading\">Cas pratiques<\/h2>\n\n\n\n<ul class=\"o-list--ul wp-block-list\"><li>Allocations de perte de gain pour les personnes au service de l\u2019arm\u00e9e, etc.<\/li><li>Allocations de maternit\u00e9<\/li><li>Allocation de paternit\u00e9<\/li><li>Allocations de l\u2019assurance maternit\u00e9 dans le canton de Gen\u00e8ve (AMat genevoise)<\/li><li>Avance des cotisations employeur<\/li><\/ul>\n\n\n\n<p>Nos sp\u00e9cialistes vous aident et vous conseillent volontiers pour toutes vos questions ou demandes.<\/p>\n","protected":false},"excerpt":{"rendered":"<p>Les allocations pour perte de gain (APG) pr\u00e9voient une juste compensation de la perte de gain en cas de service,\u2026<\/p>\n","protected":false},"author":2,"featured_media":0,"parent":1614,"menu_order":4,"comment_status":"closed","ping_status":"closed","template":"page-kompetenz.php","meta":{"_acf_changed":false,"footnotes":""},"class_list":["post-1608","page","type-page","status-publish","hentry"],"acf":[],"_links":{"self":[{"href":"https:\/\/aza.ch\/fr\/wp-json\/wp\/v2\/pages\/1608","targetHints":{"allow":["GET"]}}],"collection":[{"href":"https:\/\/aza.ch\/fr\/wp-json\/wp\/v2\/pages"}],"about":[{"href":"https:\/\/aza.ch\/fr\/wp-json\/wp\/v2\/types\/page"}],"author":[{"embeddable":true,"href":"https:\/\/aza.ch\/fr\/wp-json\/wp\/v2\/users\/2"}],"replies":[{"embeddable":true,"href":"https:\/\/aza.ch\/fr\/wp-json\/wp\/v2\/comments?post=1608"}],"version-history":[{"count":0,"href":"https:\/\/aza.ch\/fr\/wp-json\/wp\/v2\/pages\/1608\/revisions"}],"up":[{"embeddable":true,"href":"https:\/\/aza.ch\/fr\/wp-json\/wp\/v2\/pages\/1614"}],"wp:attachment":[{"href":"https:\/\/aza.ch\/fr\/wp-json\/wp\/v2\/media?parent=1608"}],"curies":[{"name":"wp","href":"https:\/\/api.w.org\/{rel}","templated":true}]}}