{"id":1607,"date":"2018-11-27T15:19:23","date_gmt":"2018-11-27T14:19:23","guid":{"rendered":"http:\/\/aza.ch.lucius.ch-meta.net\/allocations-familiales\/"},"modified":"2021-01-08T09:05:13","modified_gmt":"2021-01-08T08:05:13","slug":"allocations-familiales","status":"publish","type":"page","link":"https:\/\/aza.ch\/fr\/competences\/allocations-familiales\/","title":{"rendered":"Allocations familiales"},"content":{"rendered":"\n<p class=\"intro\">Les allocations familiales contribuent aux frais engag\u00e9s par les parents pour subvenir aux besoins de leurs enfants. Elles comprennent les allocations pour enfant et de formation et, dans certains cantons, les allocations de naissance et d\u2019adoption.<\/p>\n\n\n\n<p>Tous les travailleurs salari\u00e9s et, depuis le 1er janvier 2013, tous les travailleurs ind\u00e9pendants et non-salari\u00e9s \u00e0 revenu modeste ont droit aux allocations familiales. <\/p>\n\n\n\n<h2 class=\"wp-block-heading\">Cas pratiques<\/h2>\n\n\n\n<ul class=\"o-list--ul wp-block-list\"><li>Demande initiale d\u2019allocations familiales<\/li><li>Allocations pour enfant et de formation, ainsi qu\u2019allocations de naissance et d\u2019adoption <\/li><li>Justificatifs de formation \/ Allocations de formation<\/li><li>Evaluation des  conditions de droit aux allocations<\/li><li>Versements intercantonaux de la diff\u00e9rence<\/li><li>Annonces de d\u00e9part<\/li><li>Jouissance ult\u00e9rieure des allocations<\/li><li>Affaires internationales (relations bilat\u00e9rales, expatri\u00e9s, etc.)<\/li><li>D\u00e9cisions de recours<\/li><li>Encadrement des entreprises avec g\u00e9rance de dossiers d\u00e9l\u00e9gu\u00e9e<\/li><li>Echange de donn\u00e9es avec le Registre des allocations familiales<\/li><\/ul>\n\n\n\n<p>Nos sp\u00e9cialistes vous aident et vous conseillent volontiers pour toutes vos questions ou demandes.<\/p>\n","protected":false},"excerpt":{"rendered":"<p>Les allocations familiales contribuent aux frais engag\u00e9s par les parents pour subvenir aux besoins de leurs enfants. Elles comprennent les\u2026<\/p>\n","protected":false},"author":2,"featured_media":0,"parent":1614,"menu_order":3,"comment_status":"closed","ping_status":"closed","template":"page-kompetenz.php","meta":{"_acf_changed":false,"footnotes":""},"class_list":["post-1607","page","type-page","status-publish","hentry"],"acf":[],"_links":{"self":[{"href":"https:\/\/aza.ch\/fr\/wp-json\/wp\/v2\/pages\/1607","targetHints":{"allow":["GET"]}}],"collection":[{"href":"https:\/\/aza.ch\/fr\/wp-json\/wp\/v2\/pages"}],"about":[{"href":"https:\/\/aza.ch\/fr\/wp-json\/wp\/v2\/types\/page"}],"author":[{"embeddable":true,"href":"https:\/\/aza.ch\/fr\/wp-json\/wp\/v2\/users\/2"}],"replies":[{"embeddable":true,"href":"https:\/\/aza.ch\/fr\/wp-json\/wp\/v2\/comments?post=1607"}],"version-history":[{"count":0,"href":"https:\/\/aza.ch\/fr\/wp-json\/wp\/v2\/pages\/1607\/revisions"}],"up":[{"embeddable":true,"href":"https:\/\/aza.ch\/fr\/wp-json\/wp\/v2\/pages\/1614"}],"wp:attachment":[{"href":"https:\/\/aza.ch\/fr\/wp-json\/wp\/v2\/media?parent=1607"}],"curies":[{"name":"wp","href":"https:\/\/api.w.org\/{rel}","templated":true}]}}