{"id":1606,"date":"2018-11-27T15:15:32","date_gmt":"2018-11-27T14:15:32","guid":{"rendered":"http:\/\/aza.ch.lucius.ch-meta.net\/avs-et-ai\/"},"modified":"2019-01-17T09:59:45","modified_gmt":"2019-01-17T08:59:45","slug":"avs-ai","status":"publish","type":"page","link":"https:\/\/aza.ch\/fr\/competences\/avs-ai\/","title":{"rendered":"AVS et AI"},"content":{"rendered":"\n<p class=\"intro\">L\u2019AVS et l\u2019AI sont des assurances sociales obligatoires qui couvrent les besoins essentiels en cas de vieillesse, d\u2019incapacit\u00e9 de travail, ou de d\u00e9c\u00e8s. Quiconque pr\u00e9tend \u00e0 une prestation doit en faire la requ\u00eate.  <\/p>\n\n\n\n<h2 class=\"wp-block-heading\">Cas pratiques<\/h2>\n\n\n\n<ul class=\"o-list--ul wp-block-list\"><li>Annonce pour b\u00e9n\u00e9ficier de prestations AVS et AI<\/li><li>Evaluation de la comp\u00e9tence et des crit\u00e8res de droit aux prestations<\/li><li>Partage du revenu (\u00absplitting\u00bb)<\/li><li>Calcul de prestations pour<ul class=\"o-list--ul\"><li>les rentes de vieillesse<\/li><li> les rentes de survivants et d\u2019orphelins<\/li><li>les rentes d\u2019invalidit\u00e9<\/li><li>les indemnit\u00e9s journali\u00e8res AI (IJAI)<\/li><\/ul><\/li><li>Gestion du registre des rentes<\/li><li>Calculs pronostiques \/ estimations de rentes<\/li><li>Demandes de rentes internationales<\/li><\/ul>\n\n\n\n<p>Nos sp\u00e9cialistes vous aident et vous conseillent volontiers pour toutes vos questions ou demandes.<\/p>\n","protected":false},"excerpt":{"rendered":"<p>L\u2019AVS et l\u2019AI sont des assurances sociales obligatoires qui couvrent les besoins essentiels en cas de vieillesse, d\u2019incapacit\u00e9 de travail,\u2026<\/p>\n","protected":false},"author":2,"featured_media":0,"parent":1614,"menu_order":2,"comment_status":"closed","ping_status":"closed","template":"page-kompetenz.php","meta":{"_acf_changed":false,"footnotes":""},"class_list":["post-1606","page","type-page","status-publish","hentry"],"acf":[],"_links":{"self":[{"href":"https:\/\/aza.ch\/fr\/wp-json\/wp\/v2\/pages\/1606","targetHints":{"allow":["GET"]}}],"collection":[{"href":"https:\/\/aza.ch\/fr\/wp-json\/wp\/v2\/pages"}],"about":[{"href":"https:\/\/aza.ch\/fr\/wp-json\/wp\/v2\/types\/page"}],"author":[{"embeddable":true,"href":"https:\/\/aza.ch\/fr\/wp-json\/wp\/v2\/users\/2"}],"replies":[{"embeddable":true,"href":"https:\/\/aza.ch\/fr\/wp-json\/wp\/v2\/comments?post=1606"}],"version-history":[{"count":0,"href":"https:\/\/aza.ch\/fr\/wp-json\/wp\/v2\/pages\/1606\/revisions"}],"up":[{"embeddable":true,"href":"https:\/\/aza.ch\/fr\/wp-json\/wp\/v2\/pages\/1614"}],"wp:attachment":[{"href":"https:\/\/aza.ch\/fr\/wp-json\/wp\/v2\/media?parent=1606"}],"curies":[{"name":"wp","href":"https:\/\/api.w.org\/{rel}","templated":true}]}}