{"id":1605,"date":"2018-11-27T15:12:40","date_gmt":"2018-11-27T14:12:40","guid":{"rendered":"http:\/\/aza.ch.lucius.ch-meta.net\/membres\/"},"modified":"2019-09-10T16:00:59","modified_gmt":"2019-09-10T14:00:59","slug":"affilies","status":"publish","type":"page","link":"https:\/\/aza.ch\/fr\/competences\/affilies\/","title":{"rendered":"Affili\u00e9s"},"content":{"rendered":"\n<p class=\"intro\">Les entreprises, les ind\u00e9pendants et les personnes sans activit\u00e9 lucrative s\u2019acquittent de leurs obligations AVS, AI, APG et AC de mani\u00e8re simple et claire avec l\u2019AZA. Utilisez nos informations et formulaires! <\/p>\n\n\n\n<h2 class=\"wp-block-heading\">Cas pratiques<\/h2>\n\n\n\n<h3 class=\"wp-block-heading\">Registre des affili\u00e9s<\/h3>\n\n\n\n<ul class=\"o-list--ul wp-block-list\"><li>Nouvelles inscriptions (entreprises et ind\u00e9pendants)<\/li><li>Changement d\u2019adresse, de num\u00e9ros de t\u00e9l\u00e9phone, de comptes e-mail, etc.<\/li><li>Changement de forme juridique<\/li><li>Fermetures d\u2019entreprises<\/li><li>Changement de caisse<\/li><li>Contr\u00f4les employeurs<\/li><\/ul>\n\n\n\n<h3 class=\"wp-block-heading\">Cotisations employeurs<\/h3>\n\n\n\n<ul class=\"o-list--ul wp-block-list\"><li>Obligation de s\u2019assurer (obligations, exceptions, etc.)<\/li><li>Salaire d\u00e9terminant (y compris frais, participations, distributions, etc.)<\/li><li>Affaires internationales (accords bilat\u00e9raux, expatri\u00e9s, etc.)<\/li><li>Modalit\u00e9s g\u00e9n\u00e9rales de d\u00e9compte<\/li><li>Acomptes (AVS\u00b7AI\u00b7APG, AC, CAF, etc.), cr\u00e9dits d\u2019acompte (Allocations familiales)<\/li><li>Int\u00e9r\u00eats&nbsp;moratoires et remboursements<\/li><li>Annonces de salaires (certificats de salaire, d\u00e9comptes annuels, etc.)<\/li><\/ul>\n\n\n\n<h3 class=\"wp-block-heading\">Ind\u00e9pendants<\/h3>\n\n\n\n<ul class=\"o-list--ul wp-block-list\"><li>Informations aux administrations fiscales pour les travailleurs ind\u00e9pendants<\/li><li>Acomptes<\/li><li>Fixation des cotisations personnelles<\/li><li>Fixation des allocations familiales pour les travailleurs ind\u00e9pendants et les personnes sans activit\u00e9 lucrative<\/li><li>D\u00e9cisions de recours<\/li><\/ul>\n\n\n\n<h3 class=\"wp-block-heading\">Personnes sans activit\u00e9 lucrative<\/h3>\n\n\n\n<ul class=\"o-list--ul wp-block-list\"><li>Informations aux administrations fiscales pour les personnes sans activit\u00e9 lucrative<\/li><li>Acomptes<\/li><li>Fixation des cotisations personnelles<\/li><li>Fixation des allocations familiales pour les travailleurs ind\u00e9pendants et les personnes sans activit\u00e9 lucrative<\/li><li>D\u00e9cisions de recours<\/li><\/ul>\n\n\n\n<h3 class=\"wp-block-heading\"><strong>Registre des assur\u00e9s<\/strong><\/h3>\n\n\n\n<ul class=\"o-list--ul wp-block-list\"><li>Annonce d\u2019arriv\u00e9e et de d\u00e9part de collaborateurs<\/li><li>Certificats d\u2019assurance<\/li><li>Justificatifs d\u2019assurance<\/li><li>Registre des assur\u00e9s<\/li><li>Gestion des revenus (comptabilisation CI)<\/li><li>Extraits de comptes individuels (<a href=\"https:\/\/aza.ch\/fr\/praxis\/extrait-ci\/\">extraits CI<\/a>)<\/li><\/ul>\n\n\n\n<p>Nos sp\u00e9cialistes vous aident et vous conseillent volontiers pour toutes vos questions ou demandes.<\/p>\n","protected":false},"excerpt":{"rendered":"<p>Les entreprises, les ind\u00e9pendants et les personnes sans activit\u00e9 lucrative s\u2019acquittent de leurs obligations AVS, AI, APG et AC de\u2026<\/p>\n","protected":false},"author":2,"featured_media":0,"parent":1614,"menu_order":1,"comment_status":"closed","ping_status":"closed","template":"page-kompetenz.php","meta":{"_acf_changed":false,"footnotes":""},"class_list":["post-1605","page","type-page","status-publish","hentry"],"acf":[],"_links":{"self":[{"href":"https:\/\/aza.ch\/fr\/wp-json\/wp\/v2\/pages\/1605","targetHints":{"allow":["GET"]}}],"collection":[{"href":"https:\/\/aza.ch\/fr\/wp-json\/wp\/v2\/pages"}],"about":[{"href":"https:\/\/aza.ch\/fr\/wp-json\/wp\/v2\/types\/page"}],"author":[{"embeddable":true,"href":"https:\/\/aza.ch\/fr\/wp-json\/wp\/v2\/users\/2"}],"replies":[{"embeddable":true,"href":"https:\/\/aza.ch\/fr\/wp-json\/wp\/v2\/comments?post=1605"}],"version-history":[{"count":0,"href":"https:\/\/aza.ch\/fr\/wp-json\/wp\/v2\/pages\/1605\/revisions"}],"up":[{"embeddable":true,"href":"https:\/\/aza.ch\/fr\/wp-json\/wp\/v2\/pages\/1614"}],"wp:attachment":[{"href":"https:\/\/aza.ch\/fr\/wp-json\/wp\/v2\/media?parent=1605"}],"curies":[{"name":"wp","href":"https:\/\/api.w.org\/{rel}","templated":true}]}}