{"id":1604,"date":"2018-11-27T15:04:56","date_gmt":"2018-11-27T14:04:56","guid":{"rendered":"http:\/\/aza.ch.lucius.ch-meta.net\/partnerweb\/"},"modified":"2025-11-18T12:35:50","modified_gmt":"2025-11-18T11:35:50","slug":"connect","status":"publish","type":"page","link":"https:\/\/aza.ch\/fr\/connect\/","title":{"rendered":"connect"},"content":{"rendered":"\n<p class=\"intro\">Le \u00abconnect\u00bb, notre plateforme eBusiness, offre aux entreprises affili\u00e9es aupr\u00e8s de notre caisse de compensation la possibilit\u00e9 de traiter la plupart de leurs affaires sous forme \u00e9lectronique et de r\u00e9duire ainsi significativement le travail administratif. Toutes les donn\u00e9es sont bien entendu transmises sous forme crypt\u00e9e.<\/p>\n\n\n\n<h2 class=\"wp-block-heading\">Qu\u2019est-ce que le connect?<\/h2>\n\n\n\n<p>Le connect est une plateforme Internet prot\u00e9g\u00e9e par mot de passe vous permettant de traiter vos affaires administratives avec nous de mani\u00e8re simple, rapide, s\u00fbre et avec le moins de papier possible. <\/p>\n\n\n\n<h2 class=\"wp-block-heading\">Les avantages du connect<\/h2>\n\n\n\n<p>Notre plateforme eBusiness permet de traiter la plupart des cas sans papier.<\/p>\n\n\n\n<h3 class=\"wp-block-heading\">Caisse de compensation<\/h3>\n\n\n\n<ul class=\"o-list--ul wp-block-list\"><li>Annoncer l\u2019arriv\u00e9e ou le d\u00e9part de collaborateurs<\/li><li>Commander de nouveaux certificats AVS ou en recommander<\/li><li>Imprimer des justificatifs d\u2019assurance pour les nouveaux collaborateurs<\/li><li>Modifier les donn\u00e9es personnelles (nom, \u00e9tat civil, adresse)<\/li><li>Saisir et transmettre des annonces de salaire<\/li><li>Transmission de fichier de salaire selon le standard ELM (grandes entreprises)<\/li><li>Modification des acomptes de cotisation et de forfaits de masses salariales<\/li><\/ul>\n\n\n\n<h3 class=\"wp-block-heading\">Caisse d\u2019allocation familiale<\/h3>\n\n\n\n<ul class=\"o-list--ul wp-block-list\"><li> Annoncer des allocations familiales<\/li><li> Aper\u00e7u des prestations d\u2019allocation<\/li><\/ul>\n\n\n\n<h2 class=\"wp-block-heading\">Comment utiliser le connect?<\/h2>\n\n\n\n<p>Le connect est mis gratuitement \u00e0 la disposition de tous nos clients entreprises. Inscrivez-vous maintenant \u2013 en quelques \u00e9tapes seulement. Il vous suffit d\u2019avoir votre num\u00e9ro de connect. Celui-ci vous a \u00e9t\u00e9 envoy\u00e9 par courrier ou par e-mail (\u00abInvitation au connect\u00bb) ou par t\u00e9l\u00e9phone. Vous n&rsquo;avez pas encore de num\u00e9ro de connect? N\u2019h\u00e9sitez pas \u00e0 nous contacter.<\/p>\n\n\n\n<ol class=\"o-list--ol wp-block-list\"><li><a aria-label=\"Saisissez votre num\u00e9ro de partenaire ainsi que votre adresse e-mail.\u2028Vous recevrez ensuite un e-mail avec votre code d\u2019activation. \u2028Cliquez sur le lien de l\u2019e-mail. \nSi le lien ne fonctionne pas, vous pouvez saisir ici le code d\u2019activation.\u2028D\u00e9finissez votre mot de passe et saisissez-le deux fois. (\u00f6ffnet in neuem Tab)\" href=\"https:\/\/www.akisnet.ch\/ak065\/register?spcd=2\" target=\"_blank\" rel=\"noreferrer noopener\">Saisissez votre num\u00e9ro de connect ainsi que votre adresse e-mail.<\/a><\/li><li>Vous recevrez ensuite un e-mail avec votre code d\u2019activation. <\/li><li>Cliquez sur le lien de l\u2019e-mail. <br>Si le lien ne fonctionne pas, vous pouvez <a aria-label=\"Saisissez votre num\u00e9ro de partenaire ainsi que votre adresse e-mail.\u2028Vous recevrez ensuite un e-mail avec votre code d\u2019activation. \u2028Cliquez sur le lien de l\u2019e-mail. \nSi le lien ne fonctionne pas, vous pouvez saisir ici le code d\u2019activation.\u2028D\u00e9finissez votre mot de passe et saisissez-le deux fois. (\u00f6ffnet in neuem Tab)\" href=\"https:\/\/www.akisnet.ch\/ak065\/activate?spcd=2\" target=\"_blank\" rel=\"noreferrer noopener\">saisir ici le code d\u2019activation.<\/a><\/li><li>D\u00e9finissez votre mot de passe et saisissez-le deux fois.<\/li><\/ol>\n\n\n\n<h2 class=\"wp-block-heading\">Documents relatifs au connect<\/h2>\n\n\n\n<ul class=\"o-list--ul wp-block-list\"><li><a href=\"https:\/\/aza.ch\/ausgleichskasse\/assets\/uploads\/2019_connect_factsheet_AZA_f.pdf\" target=\"_blank\" rel=\"noreferrer noopener\">connect Factsheet<\/a><\/li><li><a aria-label=\"ELM \u2013 Profil d\u2019assurance\u00a0 (\u00f6ffnet in neuem Tab)\" rel=\"noreferrer noopener\" href=\"https:\/\/aza.ch\/ausgleichskasse\/assets\/uploads\/elm-versicherungsprofil_f.pdf\" target=\"_blank\">ELM \u2013 Profil d\u2019assurance\u00a0<\/a><\/li><\/ul>\n\n\n\n<figure class=\"main__image\"><\/figure>\n","protected":false},"excerpt":{"rendered":"<p>Le \u00abconnect\u00bb, notre plateforme eBusiness, offre aux entreprises affili\u00e9es aupr\u00e8s de notre caisse de compensation la possibilit\u00e9 de traiter la\u2026<\/p>\n","protected":false},"author":2,"featured_media":0,"parent":0,"menu_order":25,"comment_status":"closed","ping_status":"closed","template":"","meta":{"_acf_changed":false,"footnotes":""},"class_list":["post-1604","page","type-page","status-publish","hentry"],"acf":[],"_links":{"self":[{"href":"https:\/\/aza.ch\/fr\/wp-json\/wp\/v2\/pages\/1604","targetHints":{"allow":["GET"]}}],"collection":[{"href":"https:\/\/aza.ch\/fr\/wp-json\/wp\/v2\/pages"}],"about":[{"href":"https:\/\/aza.ch\/fr\/wp-json\/wp\/v2\/types\/page"}],"author":[{"embeddable":true,"href":"https:\/\/aza.ch\/fr\/wp-json\/wp\/v2\/users\/2"}],"replies":[{"embeddable":true,"href":"https:\/\/aza.ch\/fr\/wp-json\/wp\/v2\/comments?post=1604"}],"version-history":[{"count":0,"href":"https:\/\/aza.ch\/fr\/wp-json\/wp\/v2\/pages\/1604\/revisions"}],"wp:attachment":[{"href":"https:\/\/aza.ch\/fr\/wp-json\/wp\/v2\/media?parent=1604"}],"curies":[{"name":"wp","href":"https:\/\/api.w.org\/{rel}","templated":true}]}}