{"id":1598,"date":"2018-11-27T14:21:30","date_gmt":"2018-11-27T13:21:30","guid":{"rendered":"http:\/\/aza.ch.lucius.ch-meta.net\/formulaires\/"},"modified":"2025-11-18T12:35:49","modified_gmt":"2025-11-18T11:35:49","slug":"formulaires","status":"publish","type":"page","link":"https:\/\/aza.ch\/fr\/formulaires\/","title":{"rendered":"Formulaires"},"content":{"rendered":"<div class=\"search-filter-results\" id=\"search-filter-results-1592\"><ul>        \n                  \n        <li class=\"c-filter__item\">\n          <a class=\"c-filter__link\" href=\"https:\/\/www.ahv-iv.ch\/p\/001.004.f\" target=\"_blank\">\n            \n            <h3 class=\"c-filter__title\">\n              001.004 &#8211; Demande de prestations AI pour adultes: Allocation pour impotent AI            <\/h3>\n            \n            Formulaire \u00e0 ahv-iv.ch\n\n          \n                      \n          <\/a>\n          \n          \n          \n        <\/li> \n              \n          \n\t\t\n\t\t        \n                  \n        <li class=\"c-filter__item\">\n          <a class=\"c-filter__link\" href=\"https:\/\/www.ahv-iv.ch\/p\/009.002.f\" target=\"_blank\">\n            \n            <h3 class=\"c-filter__title\">\n              009.002 &#8211; Demande: Allocation pour impotent AVS            <\/h3>\n            \n            Formulaire \u00e0 ahv-iv.ch\n\n          \n                      \n          <\/a>\n          \n          \n          \n        <\/li> \n              \n          \n\t\t\n\t\t        \n                  \n        <li class=\"c-filter__item\">\n          <a class=\"c-filter__link\" href=\"https:\/\/aza.ch\/ausgleichskasse\/assets\/uploads\/2025.09_JaehrlicheOrientierungSE-NE_f.pdf\" target=\"_blank\">\n            \n            <h3 class=\"c-filter__title\">\n              Annonce facultative du revenu soumis \u00e0 l&rsquo;AVS g\u00e9n\u00e9r\u00e9 dans l&rsquo;ann\u00e9e pr\u00e9c\u00e9dente afin d&rsquo;\u00e9viter des int\u00e9r\u00eats moratoires (y compris la lettre d&rsquo;orientation)            <\/h3>\n            \n            pdf-fichier de l'AZA\n\n          \n                      \n          <\/a>\n          \n          \n          \n        <\/li> \n              \n          \n\t\t\n\t\t        \n                  \n        <li class=\"c-filter__item\">\n          <a class=\"c-filter__link\" href=\"https:\/\/www.ahv-iv.ch\/p\/318.749.f\" target=\"_blank\">\n            \n            <h3 class=\"c-filter__title\">\n              Attestation d&#8217;employeur &#8211; pour les p\u00e8res au ch\u00f4mage faisant du service sans indemnit\u00e9s de ch\u00f4mage            <\/h3>\n            \n            Formulaire \u00e0 ahv-iv.ch\n\n          \n                      \n          <\/a>\n          \n          \n          \n        <\/li> \n              \n          \n\t\t\n\t\t        \n                  \n        <li class=\"c-filter__item\">\n          <a class=\"c-filter__link\" href=\"https:\/\/www.ahv-iv.ch\/p\/318.752.f\" target=\"_blank\">\n            \n            <h3 class=\"c-filter__title\">\n              Attestation d\u2019employeur &#8211; Pour femmes au ch\u00f4mage sans indemnit\u00e9s de ch\u00f4mage            <\/h3>\n            \n            Formulaire \u00e0 ahv-iv.ch\n\n          \n                      \n          <\/a>\n          \n          \n          \n        <\/li> \n              \n          \n\t\t\n\t\t        \n                  \n        <li class=\"c-filter__item\">\n          <a class=\"c-filter__link\" href=\"https:\/\/www.ahv-iv.ch\/p\/318.381.f\" target=\"_blank\">\n            \n            <h3 class=\"c-filter__title\">\n              Augmentation du pourcentage de la rente anticip\u00e9e            <\/h3>\n            \n            Formulaire \u00e0 ahv-iv.ch\n\n          \n                      \n          <\/a>\n          \n          \n          \n        <\/li> \n              \n          \n\t\t\n\t\t        \n                  \n        <li class=\"c-filter__item\">\n          <a class=\"c-filter__link\" href=\"https:\/\/www.akisnet.ch\/ak065\/public\/np\/adressmld?spcd=2\" target=\"_blank\">\n            \n            <h3 class=\"c-filter__title\">\n              Changement d&rsquo;adresse assur\u00e9            <\/h3>\n            \n            Formulaire \u00e0 akisnet.ch\n\n          \n                      \n          <\/a>\n          \n          \n          \n        <\/li> \n              \n          \n\t\t\n\t\t        \n                  \n        <li class=\"c-filter__item\">\n          <a class=\"c-filter__link\" href=\"https:\/\/aza.ch\/ausgleichskasse\/assets\/uploads\/diensteintrittsmeldung_pw-version_f.pdf\" target=\"_blank\">\n            \n            <h3 class=\"c-filter__title\">\n              Communication d&rsquo;entr\u00e9e en fonction            <\/h3>\n            \n            pdf-fichier de l'AZA\n\n          \n                      \n          <\/a>\n          \n          \n          \n        <\/li> \n              \n          \n\t\t\n\t\t        \n                  \n        <li class=\"c-filter__item\">\n          <a class=\"c-filter__link\" href=\"https:\/\/aza.ch\/ausgleichskasse\/assets\/uploads\/austrittsmeldung_pw-version_f.pdf\" target=\"_blank\">\n            \n            <h3 class=\"c-filter__title\">\n              Communication du d\u00e9part de collaborateurs            <\/h3>\n            \n            pdf-fichier de l'AZA\n\n          \n                      \n          <\/a>\n          \n          \n          \n        <\/li> \n              \n          \n\t\t\n\t\t        \n                  \n        <li class=\"c-filter__item\">\n          <a class=\"c-filter__link\" href=\"https:\/\/www.ahv-iv.ch\/p\/318.750.f\" target=\"_blank\">\n            \n            <h3 class=\"c-filter__title\">\n              Demande d&rsquo;allocation de maternit\u00e9 APG            <\/h3>\n            \n            Formulaire \u00e0 ahv-iv.ch\n\n          \n                        \n                <a class=\"c-filter__innerlink\" href=\"https:\/\/www.ahv-iv.ch\/fr\/M\u00e9mentos-Formulaires\/M\u00e9mentos\/Prestations-du-r\u00e9gime-des-APG-service-et-maternit\u00e9-et-paternit\u00e9-\" target=\"_blank\">M\u00e9mento<\/a>\n            \n                          \n                <a class=\"c-filter__innerlink\" href=\"https:\/\/www.ahv-iv.ch\/fr\/Assurances-sociales\/Les-allocations-pour-perte-de-gain-Assurance-maternit\u00e9-APG-AMat\/Berechnung-EO-fr-FR\" target=\"_blank\">Calculateur en ligne<\/a>\n            \n                        \n          <\/a>\n          \n          \n          \n        <\/li> \n              \n          \n\t\t\n\t\t<\/ul><\/div>\n","protected":false},"excerpt":{"rendered":"","protected":false},"author":2,"featured_media":0,"parent":0,"menu_order":11,"comment_status":"closed","ping_status":"closed","template":"","meta":{"_acf_changed":false,"footnotes":""},"class_list":["post-1598","page","type-page","status-publish","hentry"],"acf":[],"_links":{"self":[{"href":"https:\/\/aza.ch\/fr\/wp-json\/wp\/v2\/pages\/1598","targetHints":{"allow":["GET"]}}],"collection":[{"href":"https:\/\/aza.ch\/fr\/wp-json\/wp\/v2\/pages"}],"about":[{"href":"https:\/\/aza.ch\/fr\/wp-json\/wp\/v2\/types\/page"}],"author":[{"embeddable":true,"href":"https:\/\/aza.ch\/fr\/wp-json\/wp\/v2\/users\/2"}],"replies":[{"embeddable":true,"href":"https:\/\/aza.ch\/fr\/wp-json\/wp\/v2\/comments?post=1598"}],"version-history":[{"count":0,"href":"https:\/\/aza.ch\/fr\/wp-json\/wp\/v2\/pages\/1598\/revisions"}],"wp:attachment":[{"href":"https:\/\/aza.ch\/fr\/wp-json\/wp\/v2\/media?parent=1598"}],"curies":[{"name":"wp","href":"https:\/\/api.w.org\/{rel}","templated":true}]}}